{"id":7367,"date":"2023-11-28T02:08:37","date_gmt":"2023-11-28T02:08:37","guid":{"rendered":"https:\/\/reservation.lesherbrooke.com\/reservation\/"},"modified":"2024-02-27T12:55:38","modified_gmt":"2024-02-27T12:55:38","slug":"reservation","status":"publish","type":"page","link":"https:\/\/reservation.lesherbrooke.com\/fr\/","title":{"rendered":"Reservation"},"content":{"rendered":"<div class=\"wpb-content-wrapper\">[mk_page_section bg_image=\u00a0\u00bbhttps:\/\/reservation.lesherbrooke.com\/wp-content\/uploads\/2023\/11\/bg_reservation.jpg\u00a0\u00bb bg_position=\u00a0\u00bbcenter center\u00a0\u00bb bg_repeat=\u00a0\u00bbno-repeat\u00a0\u00bb bg_stretch=\u00a0\u00bbtrue\u00a0\u00bb min_height=\u00a0\u00bb760&Prime; full_width=\u00a0\u00bbtrue\u00a0\u00bb padding_top=\u00a0\u00bb50&Prime; padding_bottom=\u00a0\u00bb50&Prime; sidebar=\u00a0\u00bbsidebar-1&Prime;][vc_column][vc_row_inner is_fullwidth_content=\u00a0\u00bbfalse\u00a0\u00bb css=\u00a0\u00bb.vc_custom_1701139334173{padding-top: 50px !important;padding-right: 50px !important;padding-bottom: 50px !important;padding-left: 50px !important;}\u00a0\u00bb][vc_column_inner width=\u00a0\u00bb1\/6&Prime;][\/vc_column_inner][vc_column_inner width=\u00a0\u00bb2\/3&Prime; css=\u00a0\u00bb.vc_custom_1701139325503{background-color: #ffffff !important;}\u00a0\u00bb][mk_image src=\u00a0\u00bbhttps:\/\/reservation.lesherbrooke.com\/wp-content\/uploads\/2023\/11\/logo_lesherbrooke.svg\u00a0\u00bb image_size=\u00a0\u00bbmedium\u00a0\u00bb align=\u00a0\u00bbcenter\u00a0\u00bb margin_bottom=\u00a0\u00bb20&Prime; el_class=\u00a0\u00bblogo\u00a0\u00bb][mk_fancy_title tag_name=\u00a0\u00bbh3&Prime; color=\u00a0\u00bb#1a1f47&Prime; size=\u00a0\u00bb28&Prime; font_weight=\u00a0\u00bb300&Prime; txt_transform=\u00a0\u00bbuppercase\u00a0\u00bb font_family=\u00a0\u00bbnone\u00a0\u00bb align=\u00a0\u00bbcenter\u00a0\u00bb]MERCI DE VOTRE INT\u00c9R\u00caT DANS LE SHERBROOKE.[\/mk_fancy_title][vc_column_text align=\u00a0\u00bbcenter\u00a0\u00bb margin_bottom=\u00a0\u00bb30&Prime; css=\u00a0\u00bb.vc_custom_1706291663063{margin-bottom: 0px !important;}\u00a0\u00bb]Prenons rendez-vous pour discuter de vos besoins et r\u00e9pondre \u00e0 toutes vos questions.[\/vc_column_text]<script type=\"text\/javascript\">var gform;gform||(document.addEventListener(\"gform_main_scripts_loaded\",function(){gform.scriptsLoaded=!0}),window.addEventListener(\"DOMContentLoaded\",function(){gform.domLoaded=!0}),gform={domLoaded:!1,scriptsLoaded:!1,initializeOnLoaded:function(o){gform.domLoaded&&gform.scriptsLoaded?o():!gform.domLoaded&&gform.scriptsLoaded?window.addEventListener(\"DOMContentLoaded\",o):document.addEventListener(\"gform_main_scripts_loaded\",o)},hooks:{action:{},filter:{}},addAction:function(o,n,r,t){gform.addHook(\"action\",o,n,r,t)},addFilter:function(o,n,r,t){gform.addHook(\"filter\",o,n,r,t)},doAction:function(o){gform.doHook(\"action\",o,arguments)},applyFilters:function(o){return gform.doHook(\"filter\",o,arguments)},removeAction:function(o,n){gform.removeHook(\"action\",o,n)},removeFilter:function(o,n,r){gform.removeHook(\"filter\",o,n,r)},addHook:function(o,n,r,t,i){null==gform.hooks[o][n]&&(gform.hooks[o][n]=[]);var e=gform.hooks[o][n];null==i&&(i=n+\"_\"+e.length),gform.hooks[o][n].push({tag:i,callable:r,priority:t=null==t?10:t})},doHook:function(n,o,r){var t;if(r=Array.prototype.slice.call(r,1),null!=gform.hooks[n][o]&&((o=gform.hooks[n][o]).sort(function(o,n){return o.priority-n.priority}),o.forEach(function(o){\"function\"!=typeof(t=o.callable)&&(t=window[t]),\"action\"==n?t.apply(null,r):r[0]=t.apply(null,r)})),\"filter\"==n)return r[0]},removeHook:function(o,n,t,i){var r;null!=gform.hooks[o][n]&&(r=(r=gform.hooks[o][n]).filter(function(o,n,r){return!!(null!=i&&i!=o.tag||null!=t&&t!=o.priority)}),gform.hooks[o][n]=r)}});<\/script>\n                <div class='gf_browser_gecko gform_wrapper gravity-theme gform-theme--no-framework' data-form-theme='gravity-theme' data-form-index='0' id='gform_wrapper_2' ><div id='gf_2' class='gform_anchor' tabindex='-1'><\/div><form method='post' enctype='multipart\/form-data' target='gform_ajax_frame_2' id='gform_2'  action='\/fr\/wp-json\/wp\/v2\/pages\/7367#gf_2' data-formid='2' novalidate>\n                        <div class='gform-body gform_body'><div id='gform_fields_2' class='gform_fields top_label form_sublabel_below description_below validation_below'><div id=\"field_2_11\" class=\"gfield gfield--type-hidden gfield--input-type-hidden gfield--width-full gform_hidden field_sublabel_below gfield--no-description field_description_below field_validation_below gfield_visibility_visible\"  data-js-reload=\"field_2_11\" ><div class='ginput_container ginput_container_text'><input name='input_11' id='input_2_11' type='hidden' class='gform_hidden'  aria-invalid=\"false\" value='French' \/><\/div><\/div><div id=\"field_2_12\" class=\"gfield gfield--type-hidden gfield--input-type-hidden gfield--width-full gform_hidden field_sublabel_below gfield--no-description field_description_below field_validation_below gfield_visibility_visible\"  data-js-reload=\"field_2_12\" ><div class='ginput_container ginput_container_text'><input name='input_12' id='input_2_12' type='hidden' class='gform_hidden'  aria-invalid=\"false\" value='a093t00000QnOUuAAN' \/><\/div><\/div><div id=\"field_2_1\" class=\"gfield gfield--type-text gfield--input-type-text gfield--width-half gfield_contains_required field_sublabel_below gfield--no-description field_description_below field_validation_below gfield_visibility_visible\"  data-js-reload=\"field_2_1\" ><label class='gfield_label gform-field-label' for='input_2_1'>Pr\u00e9nom<span class=\"gfield_required\"><span class=\"gfield_required gfield_required_text\">(N\u00e9cessaire)<\/span><\/span><\/label><div class='ginput_container ginput_container_text'><input name='input_1' id='input_2_1' type='text' value='' class='large'     aria-required=\"true\" aria-invalid=\"false\"   \/> <\/div><\/div><div id=\"field_2_3\" class=\"gfield gfield--type-text gfield--input-type-text gfield--width-half gfield_contains_required field_sublabel_below gfield--no-description field_description_below field_validation_below gfield_visibility_visible\"  data-js-reload=\"field_2_3\" ><label class='gfield_label gform-field-label' for='input_2_3'>Nom<span class=\"gfield_required\"><span class=\"gfield_required gfield_required_text\">(N\u00e9cessaire)<\/span><\/span><\/label><div class='ginput_container ginput_container_text'><input name='input_3' id='input_2_3' type='text' value='' class='large'     aria-required=\"true\" aria-invalid=\"false\"   \/> <\/div><\/div><div id=\"field_2_5\" class=\"gfield gfield--type-email gfield--input-type-email gfield--width-half gfield_contains_required field_sublabel_below gfield--no-description field_description_below field_validation_below gfield_visibility_visible\"  data-js-reload=\"field_2_5\" ><label class='gfield_label gform-field-label' for='input_2_5'>Courriel<span class=\"gfield_required\"><span class=\"gfield_required gfield_required_text\">(N\u00e9cessaire)<\/span><\/span><\/label><div class='ginput_container ginput_container_email'>\n                            <input name='input_5' id='input_2_5' type='email' value='' class='large'    aria-required=\"true\" aria-invalid=\"false\"  \/>\n                        <\/div><\/div><div id=\"field_2_4\" class=\"gfield gfield--type-phone gfield--input-type-phone gfield--width-half gfield_contains_required field_sublabel_below gfield--no-description field_description_below field_validation_below gfield_visibility_visible\"  data-js-reload=\"field_2_4\" ><label class='gfield_label gform-field-label' for='input_2_4'>No. T\u00e9l\u00e9phone<span class=\"gfield_required\"><span class=\"gfield_required gfield_required_text\">(N\u00e9cessaire)<\/span><\/span><\/label><div class='ginput_container ginput_container_phone'><input name='input_4' id='input_2_4' type='tel' value='' class='large'   aria-required=\"true\" aria-invalid=\"false\"   \/><\/div><\/div><div id=\"field_2_6\" class=\"gfield gfield--type-select gfield--input-type-select gfield--width-half field_sublabel_below gfield--no-description field_description_below field_validation_below gfield_visibility_visible\"  data-js-reload=\"field_2_6\" ><label class='gfield_label gform-field-label' for='input_2_6'>Types de Suite<\/label><div class='ginput_container ginput_container_select'><select name='input_6' id='input_2_6' class='large gfield_select'     aria-invalid=\"false\" ><option value='' selected='selected' class='gf_placeholder'>S\u00e9lectionnez un type de suite<\/option><option value='Studio' >Studio<\/option><option value='1 Bedroom' >Standard - 1 Chambre<\/option><option value='2 Bedrooms' >Standard - 2 Chambres<\/option><option value='Executive Suite' >Suites Ex\u00e9cutive (1,200 \u00e0 1,800 pl. ca.)<\/option><option value='Penthouse' >Penthouse (2,000 pl. ca.)<\/option><\/select><\/div><\/div><div id=\"field_2_7\" class=\"gfield gfield--type-select gfield--input-type-select gfield--width-half field_sublabel_below gfield--no-description field_description_below field_validation_below gfield_visibility_visible\"  data-js-reload=\"field_2_7\" ><label class='gfield_label gform-field-label' for='input_2_7'>Quel profile vous correspond le mieux<\/label><div class='ginput_container ginput_container_select'><select name='input_7' id='input_2_7' class='large gfield_select'     aria-invalid=\"false\" ><option value='' selected='selected' class='gf_placeholder'>S\u00e9lectionnez un profil<\/option><option value='Buyer' >Acheteur<\/option><option value='Real Estate Broker' >Courtier<\/option><option value='Investor' >Investisseur<\/option><\/select><\/div><\/div><div id=\"field_2_8\" class=\"gfield gfield--type-textarea gfield--input-type-textarea gfield--width-full field_sublabel_below gfield--no-description field_description_below field_validation_below gfield_visibility_visible\"  data-js-reload=\"field_2_8\" ><label class='gfield_label gform-field-label' for='input_2_8'>Commentaires<\/label><div class='ginput_container ginput_container_textarea'><textarea name='input_8' id='input_2_8' class='textarea large'      aria-invalid=\"false\"   rows='10' cols='50'><\/textarea><\/div><\/div><fieldset id=\"field_2_10\" class=\"gfield gfield--type-checkbox gfield--type-choice gfield--input-type-checkbox gfield--width-full field_sublabel_below gfield--no-description field_description_below hidden_label field_validation_below gfield_visibility_visible\"  data-js-reload=\"field_2_10\" ><legend class='gfield_label gform-field-label gfield_label_before_complex' >Communications Opt In<\/legend><div class='ginput_container ginput_container_checkbox'><div class='gfield_checkbox' id='input_2_10'><div class='gchoice gchoice_2_10_1'>\n\t\t\t\t\t\t\t\t<input class='gfield-choice-input' name='input_10.1' type='checkbox'  value='Explicit'  id='choice_2_10_1'   \/>\n\t\t\t\t\t\t\t\t<label for='choice_2_10_1' id='label_2_10_1' class='gform-field-label gform-field-label--type-inline'>Je consens \u00e0 recevoir des futures communications de Broccolini. Je comprends que je peux me d\u00e9sinscrire \u00e0 tout moment.<\/label>\n\t\t\t\t\t\t\t<\/div><\/div><\/div><\/fieldset><\/div><\/div>\n        <div class='gform_footer top_label'> <input type='submit' id='gform_submit_button_2' class='gform_button button' value='Soumettre'  onclick='if(window[\"gf_submitting_2\"]){return false;}  if( !jQuery(\"#gform_2\")[0].checkValidity || jQuery(\"#gform_2\")[0].checkValidity()){window[\"gf_submitting_2\"]=true;}  ' onkeypress='if( event.keyCode == 13 ){ if(window[\"gf_submitting_2\"]){return false;} if( !jQuery(\"#gform_2\")[0].checkValidity || jQuery(\"#gform_2\")[0].checkValidity()){window[\"gf_submitting_2\"]=true;}  jQuery(\"#gform_2\").trigger(\"submit\",[true]); }' \/> <input type='hidden' name='gform_ajax' value='form_id=2&amp;title=&amp;description=&amp;tabindex=0&amp;theme=gravity-theme' \/>\n            <input type='hidden' class='gform_hidden' name='is_submit_2' value='1' \/>\n            <input type='hidden' class='gform_hidden' name='gform_submit' value='2' \/>\n            \n            <input type='hidden' class='gform_hidden' name='gform_unique_id' value='' \/>\n            <input type='hidden' class='gform_hidden' name='state_2' value='WyJ7XCI2XCI6W1wiOTI4ZmE3ZjNiOWJiN2E0NWUzYmNmYTUxOGZiZjM4ODdcIixcIjk2YjAxNWE2YWNiNWViZmFkNzNmMzIxZGI5YTk0NTFlXCIsXCI2YmFkYmYyYmI2MmQ4MTM0NTg4MTMzNzQ2ZjRmOTI5OFwiLFwiNjI3MWQ0YmM1YmU4OGE0NzExMDFkMzExMGE1NmY1OTBcIixcIjNhNWVlM2I0ZTY3MjBkNGIwYThkOGRlMWMxNDlkNWU2XCJdLFwiN1wiOltcIjYzOGQxMWIxOTg1YjI3MmJjNTU0M2VlNzA0MjhjYjZlXCIsXCI2ZmFjNThkOTYwZmI1NmQ5MmZlZTAxYjQyMGQ2OWUwZFwiLFwiZGFiYzJlNGNlMGJlOTZjODJlODc1MjJlMmI4ZWUxYzFcIl0sXCIxMC4xXCI6XCI0NGY2OTRhMzhiNzUyMTU0NjQ3OGU5M2U1MzNhZDQxZVwifSIsImNiMTRkNGZmOGFjZWMxZDNlY2IwNzg4NTgzMzE4MGFkIl0=' \/>\n            <input type='hidden' class='gform_hidden' name='gform_target_page_number_2' id='gform_target_page_number_2' value='0' \/>\n            <input type='hidden' class='gform_hidden' name='gform_source_page_number_2' id='gform_source_page_number_2' value='1' \/>\n            <input type='hidden' name='gform_field_values' value='' \/>\n            \n        <\/div>\n                        <\/form>\n                        <\/div>\n\t\t                <iframe style='display:none;width:0px;height:0px;' src='about:blank' name='gform_ajax_frame_2' id='gform_ajax_frame_2' title='Cette iframe contient la logique n\u00e9cessaire pour manipuler Gravity Forms avec Ajax.'><\/iframe>\n\t\t                <script type=\"text\/javascript\">\n\/* <![CDATA[ *\/\n gform.initializeOnLoaded( function() {gformInitSpinner( 2, 'https:\/\/reservation.lesherbrooke.com\/wp-content\/plugins\/gravityforms\/images\/spinner.svg', true );jQuery('#gform_ajax_frame_2').on('load',function(){var contents = jQuery(this).contents().find('*').html();var is_postback = contents.indexOf('GF_AJAX_POSTBACK') >= 0;if(!is_postback){return;}var form_content = jQuery(this).contents().find('#gform_wrapper_2');var is_confirmation = jQuery(this).contents().find('#gform_confirmation_wrapper_2').length > 0;var is_redirect = contents.indexOf('gformRedirect(){') >= 0;var is_form = form_content.length > 0 && ! is_redirect && ! is_confirmation;var mt = parseInt(jQuery('html').css('margin-top'), 10) + parseInt(jQuery('body').css('margin-top'), 10) + 100;if(is_form){jQuery('#gform_wrapper_2').html(form_content.html());if(form_content.hasClass('gform_validation_error')){jQuery('#gform_wrapper_2').addClass('gform_validation_error');} else {jQuery('#gform_wrapper_2').removeClass('gform_validation_error');}setTimeout( function() { \/* delay the scroll by 50 milliseconds to fix a bug in chrome *\/ jQuery(document).scrollTop(jQuery('#gform_wrapper_2').offset().top - mt); }, 50 );if(window['gformInitDatepicker']) {gformInitDatepicker();}if(window['gformInitPriceFields']) {gformInitPriceFields();}var current_page = jQuery('#gform_source_page_number_2').val();gformInitSpinner( 2, 'https:\/\/reservation.lesherbrooke.com\/wp-content\/plugins\/gravityforms\/images\/spinner.svg', true );jQuery(document).trigger('gform_page_loaded', [2, current_page]);window['gf_submitting_2'] = false;}else if(!is_redirect){var confirmation_content = jQuery(this).contents().find('.GF_AJAX_POSTBACK').html();if(!confirmation_content){confirmation_content = contents;}jQuery('#gform_wrapper_2').replaceWith(confirmation_content);jQuery(document).scrollTop(jQuery('#gf_2').offset().top - mt);jQuery(document).trigger('gform_confirmation_loaded', [2]);window['gf_submitting_2'] = false;wp.a11y.speak(jQuery('#gform_confirmation_message_2').text());}else{jQuery('#gform_2').append(contents);if(window['gformRedirect']) {gformRedirect();}}jQuery(document).trigger(\"gform_pre_post_render\", [{ formId: \"2\", currentPage: \"current_page\", abort: function() { this.preventDefault(); } }]);                if (event && event.defaultPrevented) {                return;         }        const gformWrapperDiv = document.getElementById( \"gform_wrapper_2\" );        if ( gformWrapperDiv ) {            const visibilitySpan = document.createElement( \"span\" );            visibilitySpan.id = \"gform_visibility_test_2\";            gformWrapperDiv.insertAdjacentElement( \"afterend\", visibilitySpan );        }        const visibilityTestDiv = document.getElementById( \"gform_visibility_test_2\" );        let postRenderFired = false;                function triggerPostRender() {            if ( postRenderFired ) {                return;            }            postRenderFired = true;            jQuery( document ).trigger( 'gform_post_render', [2, current_page] );            gform.utils.trigger( { event: 'gform\/postRender', native: false, data: { formId: 2, currentPage: current_page } } );            if ( visibilityTestDiv ) {                visibilityTestDiv.parentNode.removeChild( visibilityTestDiv );            }        }        function debounce( func, wait, immediate ) {            var timeout;            return function() {                var context = this, args = arguments;                var later = function() {                    timeout = null;                    if ( !immediate ) func.apply( context, args );                };                var callNow = immediate && !timeout;                clearTimeout( timeout );                timeout = setTimeout( later, wait );                if ( callNow ) func.apply( context, args );            };        }        const debouncedTriggerPostRender = debounce( function() {            triggerPostRender();        }, 200 );        if ( visibilityTestDiv && visibilityTestDiv.offsetParent === null ) {            const observer = new MutationObserver( ( mutations ) => {                mutations.forEach( ( mutation ) => {                    if ( mutation.type === 'attributes' && visibilityTestDiv.offsetParent !== null ) {                        debouncedTriggerPostRender();                        observer.disconnect();                    }                });            });            observer.observe( document.body, {                attributes: true,                childList: false,                subtree: true,                attributeFilter: [ 'style', 'class' ],            });        } else {            triggerPostRender();        }    } );} ); \n\/* ]]> *\/\n<\/script>\n[vc_raw_html]JTNDaW5wdXQlMjBzdHlsZSUzRCUyMmRpc3BsYXklM0Fub25lJTNCJTIyJTIwdHlwZSUzRCUyMmhpZGRlbiUyMiUyMGlkJTNEJTIyYWRzX19yZWZlcnJhbF91cmxfX2MlMjIlMjBuYW1lJTNEJTIyMDBOM3QwMDAwMEZzZnVFRUFSJTIyJTIwdmFsdWUlM0QlMjIlMjIlMjAlMkYlM0UlMEElM0NpbnB1dCUyMHN0eWxlJTNEJTIyZGlzcGxheSUzQW5vbmUlM0IlMjIlMjB0eXBlJTNEJTIyaGlkZGVuJTIyJTIwaWQlM0QlMjJhZHNfX2xhbmRpbmdfdXJsX19jJTIyJTIwbmFtZSUzRCUyMjAwTjN0MDAwMDBGc2Z1REVBUiUyMiUyMHZhbHVlJTNEJTIyJTIyJTIwJTJGJTNF[\/vc_raw_html][\/vc_column_inner][vc_column_inner width=\u00a0\u00bb1\/6&Prime;][\/vc_column_inner][\/vc_row_inner][\/vc_column][\/mk_page_section]\n<\/div>","protected":false},"excerpt":{"rendered":"<p>[mk_page_section bg_image=\u00a0\u00bbhttps:\/\/reservation.lesherbrooke.com\/wp-content\/uploads\/2023\/11\/bg_reservation.jpg\u00a0\u00bb bg_position=\u00a0\u00bbcenter center\u00a0\u00bb bg_repeat=\u00a0\u00bbno-repeat\u00a0\u00bb bg_stretch=\u00a0\u00bbtrue\u00a0\u00bb min_height=\u00a0\u00bb760&Prime; full_width=\u00a0\u00bbtrue\u00a0\u00bb padding_top=\u00a0\u00bb50&Prime; padding_bottom=\u00a0\u00bb50&Prime; sidebar=\u00a0\u00bbsidebar-1&Prime;][vc_column][vc_row_inner is_fullwidth_content=\u00a0\u00bbfalse\u00a0\u00bb css=\u00a0\u00bb.vc_custom_1701139334173{padding-top: 50px !important;padding-right: 50px !important;padding-bottom: 50px !important;padding-left: 50px !important;}\u00a0\u00bb][vc_column_inner width=\u00a0\u00bb1\/6&Prime;][\/vc_column_inner][vc_column_inner width=\u00a0\u00bb2\/3&Prime; css=\u00a0\u00bb.vc_custom_1701139325503{background-color: #ffffff !important;}\u00a0\u00bb][mk_image src=\u00a0\u00bbhttps:\/\/reservation.lesherbrooke.com\/wp-content\/uploads\/2023\/11\/logo_lesherbrooke.svg\u00a0\u00bb image_size=\u00a0\u00bbmedium\u00a0\u00bb align=\u00a0\u00bbcenter\u00a0\u00bb margin_bottom=\u00a0\u00bb20&Prime; el_class=\u00a0\u00bblogo\u00a0\u00bb][mk_fancy_title tag_name=\u00a0\u00bbh3&Prime; color=\u00a0\u00bb#1a1f47&Prime; size=\u00a0\u00bb28&Prime; font_weight=\u00a0\u00bb300&Prime; txt_transform=\u00a0\u00bbuppercase\u00a0\u00bb font_family=\u00a0\u00bbnone\u00a0\u00bb align=\u00a0\u00bbcenter\u00a0\u00bb]MERCI DE VOTRE INT\u00c9R\u00caT DANS LE SHERBROOKE.[\/mk_fancy_title][vc_column_text align=\u00a0\u00bbcenter\u00a0\u00bb margin_bottom=\u00a0\u00bb30&Prime; css=\u00a0\u00bb.vc_custom_1706291663063{margin-bottom: 0px !important;}\u00a0\u00bb]Prenons rendez-vous pour discuter de vos besoins [&hellip;]<\/p>\n","protected":false},"author":1,"featured_media":0,"parent":0,"menu_order":0,"comment_status":"closed","ping_status":"closed","template":"","meta":{"footnotes":""},"class_list":["post-7367","page","type-page","status-publish","hentry"],"acf":[],"_links":{"self":[{"href":"https:\/\/reservation.lesherbrooke.com\/fr\/wp-json\/wp\/v2\/pages\/7367","targetHints":{"allow":["GET"]}}],"collection":[{"href":"https:\/\/reservation.lesherbrooke.com\/fr\/wp-json\/wp\/v2\/pages"}],"about":[{"href":"https:\/\/reservation.lesherbrooke.com\/fr\/wp-json\/wp\/v2\/types\/page"}],"author":[{"embeddable":true,"href":"https:\/\/reservation.lesherbrooke.com\/fr\/wp-json\/wp\/v2\/users\/1"}],"replies":[{"embeddable":true,"href":"https:\/\/reservation.lesherbrooke.com\/fr\/wp-json\/wp\/v2\/comments?post=7367"}],"version-history":[{"count":3,"href":"https:\/\/reservation.lesherbrooke.com\/fr\/wp-json\/wp\/v2\/pages\/7367\/revisions"}],"predecessor-version":[{"id":7380,"href":"https:\/\/reservation.lesherbrooke.com\/fr\/wp-json\/wp\/v2\/pages\/7367\/revisions\/7380"}],"wp:attachment":[{"href":"https:\/\/reservation.lesherbrooke.com\/fr\/wp-json\/wp\/v2\/media?parent=7367"}],"curies":[{"name":"wp","href":"https:\/\/api.w.org\/{rel}","templated":true}]}}